{"id":109,"date":"2013-06-18T19:26:16","date_gmt":"2013-06-18T19:26:16","guid":{"rendered":"http:\/\/localhost\/wordpress\/?page_id=109"},"modified":"2019-09-17T08:28:47","modified_gmt":"2019-09-17T08:28:47","slug":"contacto","status":"publish","type":"page","link":"https:\/\/www.clubtenisguadarrama.es\/?page_id=109","title":{"rendered":"Contacto"},"content":{"rendered":"<h1><\/h1>\n<div>\n<h3>Club de Tenis Guadarrama<\/h3>\n<p>Direcci\u00f3n Escuela y Alto Rendimiento: Paco Mesa (617 334 149)<\/p>\n<p>Correo Electr\u00f3nico: <strong>tenis_guadarrama<\/strong><strong>@hotmail.com<\/strong><\/p>\n<p>C\/ Olimpia 1.<br \/>\n28440. Guadarrama (Madrid).<\/p>\n<h3><\/h3>\n<h3>Como llegar:<\/h3>\n<p align=\"justify\">En coche, por la A-6 direcci\u00f3n A Coru\u00f1a tomar la salida 42 direcci\u00f3n Guadarrama, a 2 Km. tomar el desvio a la derecha direcci\u00f3n a Alpedrete y a 1 Km. en esta direcci\u00f3n se encuentra el club junto a la parada de autob\u00fas.<\/p>\n<p>En Bus, la Linea 681 sale desde el intercambiador de Moncloa y la \u00faltima parada es justo en el Club de Tenis.<\/p>\n<p>En Tren de Cercan\u00edas la estaci\u00f3n de Apedrete es la m\u00e1s cercana al Club.<\/p>\n<h1><div id=\"lmm_29ef4cbb\" style=\"width:640px;\" class=\"mapsmarker markermap marker-1\">\n<div id=\"lmm_panel_29ef4cbb\" class=\"lmm-panel\" style=\"background:#efefef;\">\n<div id=\"lmm_panel_api_29ef4cbb\" class=\"lmm-panel-api\"><a href=\"https:\/\/maps.google.com\/maps?daddr=Club+Tenis+Guadarrama+%28Calle+Olimpia+1.+28440.+Guadarrama%2C+Madrid%2C+Espa%C3%B1a%29.&amp;t=m&amp;layer=1&amp;doflg=ptk&amp;om=0\" target=\"_blank\" title=\"Obtener indicaciones\"><img alt=\"icon-car.png\" src=\"https:\/\/i0.wp.com\/www.clubtenisguadarrama.es\/wp-content\/plugins\/leaflet-maps-marker\/inc\/img\/icon-car.png?resize=14%2C14&#038;ssl=1\" width=\"14\" height=\"14\" class=\"lmm-panel-api-images\" data-recalc-dims=\"1\" \/><\/a><\/div><div id=\"lmm_panel_text_29ef4cbb\" class=\"lmm-panel-text\" style=\"font-weight:bold;color:#373737;\">Club Tenis Guadarrama<\/div><\/div>\n<div id=\"lmm_map_29ef4cbb\" class=\"lmm-map\" style=\"background:#f6f6f6;border:1px solid #ccc;height:480px; overflow:hidden;padding:0;\"><p style=\"font-size:80%;color:#9f9e9e;margin-left:5px;\">cargando mapa - por favor, espere...<noscript><br\/><strong>El mapa no ha podido ser cargado - por favor, \u00a1active Javascript!<\/strong><br\/><a style=\"text-decoration:none;\" href=\"https:\/\/www.mapsmarker.com\/js-disabled\" target=\"_blank\">&rarr; m\u00e1s informaci\u00f3n<\/a><\/noscript><\/p><\/div>\n<div id=\"lmm_geo_tags_29ef4cbb\" class=\"lmm-geo-tags geo\">\n<span class=\"paneltext\">Club Tenis Guadarrama<\/span>\n<span class=\"latitude\">40.663779<\/span>, <span class=\"longitude\">-4.052904<\/span>\n<span class=\"popuptext\"><\/span>\n<\/div>\n<\/div><\/h1>\n<\/div>\n","protected":false},"excerpt":{"rendered":"<p>Club de Tenis Guadarrama Direcci\u00f3n Escuela y Alto Rendimiento: Paco Mesa (617 334 149) Correo Electr\u00f3nico: tenis_guadarrama@hotmail.com C\/ Olimpia 1. 28440. Guadarrama (Madrid). Como llegar: En coche, por la A-6 direcci\u00f3n A Coru\u00f1a tomar la salida 42 direcci\u00f3n Guadarrama, a 2 Km. tomar el desvio a la derecha direcci\u00f3n a Alpedrete y a 1 Km&#8230;. <a class=\"view-article\" href=\"https:\/\/www.clubtenisguadarrama.es\/?page_id=109\">View Article<\/a><\/p>\n","protected":false},"author":1,"featured_media":0,"parent":0,"menu_order":0,"comment_status":"closed","ping_status":"open","template":"","meta":{"_mi_skip_tracking":false,"jetpack_post_was_ever_published":false},"aioseo_notices":[],"_links":{"self":[{"href":"https:\/\/www.clubtenisguadarrama.es\/index.php?rest_route=\/wp\/v2\/pages\/109"}],"collection":[{"href":"https:\/\/www.clubtenisguadarrama.es\/index.php?rest_route=\/wp\/v2\/pages"}],"about":[{"href":"https:\/\/www.clubtenisguadarrama.es\/index.php?rest_route=\/wp\/v2\/types\/page"}],"author":[{"embeddable":true,"href":"https:\/\/www.clubtenisguadarrama.es\/index.php?rest_route=\/wp\/v2\/users\/1"}],"replies":[{"embeddable":true,"href":"https:\/\/www.clubtenisguadarrama.es\/index.php?rest_route=%2Fwp%2Fv2%2Fcomments&post=109"}],"version-history":[{"count":19,"href":"https:\/\/www.clubtenisguadarrama.es\/index.php?rest_route=\/wp\/v2\/pages\/109\/revisions"}],"predecessor-version":[{"id":895,"href":"https:\/\/www.clubtenisguadarrama.es\/index.php?rest_route=\/wp\/v2\/pages\/109\/revisions\/895"}],"wp:attachment":[{"href":"https:\/\/www.clubtenisguadarrama.es\/index.php?rest_route=%2Fwp%2Fv2%2Fmedia&parent=109"}],"curies":[{"name":"wp","href":"https:\/\/api.w.org\/{rel}","templated":true}]}}